{"id":722,"date":"2016-07-14T21:14:03","date_gmt":"2016-07-15T00:14:03","guid":{"rendered":"http:\/\/portal.unisepe.com.br\/univr\/?page_id=722"},"modified":"2022-09-14T19:57:40","modified_gmt":"2022-09-14T22:57:40","slug":"politica-de-atualizacao","status":"publish","type":"page","link":"https:\/\/portal.unisepe.com.br\/univr\/biblioteca\/politica-de-atualizacao\/","title":{"rendered":"Pol\u00edtica de Atualiza\u00e7\u00e3o"},"content":{"rendered":"<p><a href=\"https:\/\/portal.unisepe.com.br\/univr\/wp-content\/uploads\/sites\/10004\/2022\/09\/POLITICA-DE-ATUALIZA\u00c7\u00c3O-DO-ACERVO.-pdf.pdf\">Pol\u00edtica de atualiza\u00e7\u00e3o do Acervo pdf<\/a><\/p>\n","protected":false},"excerpt":{"rendered":"<p>Pol\u00edtica de atualiza\u00e7\u00e3o do Acervo pdf<\/p>\n","protected":false},"author":1,"featured_media":0,"parent":285,"menu_order":0,"comment_status":"closed","ping_status":"closed","template":"templates\/template-pagina_link.php","meta":{"footnotes":""},"categories":[],"tags":[],"class_list":["post-722","page","type-page","status-publish","hentry"],"_links":{"self":[{"href":"https:\/\/portal.unisepe.com.br\/univr\/wp-json\/wp\/v2\/pages\/722","targetHints":{"allow":["GET"]}}],"collection":[{"href":"https:\/\/portal.unisepe.com.br\/univr\/wp-json\/wp\/v2\/pages"}],"about":[{"href":"https:\/\/portal.unisepe.com.br\/univr\/wp-json\/wp\/v2\/types\/page"}],"author":[{"embeddable":true,"href":"https:\/\/portal.unisepe.com.br\/univr\/wp-json\/wp\/v2\/users\/1"}],"replies":[{"embeddable":true,"href":"https:\/\/portal.unisepe.com.br\/univr\/wp-json\/wp\/v2\/comments?post=722"}],"version-history":[{"count":7,"href":"https:\/\/portal.unisepe.com.br\/univr\/wp-json\/wp\/v2\/pages\/722\/revisions"}],"predecessor-version":[{"id":5696,"href":"https:\/\/portal.unisepe.com.br\/univr\/wp-json\/wp\/v2\/pages\/722\/revisions\/5696"}],"up":[{"embeddable":true,"href":"https:\/\/portal.unisepe.com.br\/univr\/wp-json\/wp\/v2\/pages\/285"}],"wp:attachment":[{"href":"https:\/\/portal.unisepe.com.br\/univr\/wp-json\/wp\/v2\/media?parent=722"}],"wp:term":[{"taxonomy":"category","embeddable":true,"href":"https:\/\/portal.unisepe.com.br\/univr\/wp-json\/wp\/v2\/categories?post=722"},{"taxonomy":"post_tag","embeddable":true,"href":"https:\/\/portal.unisepe.com.br\/univr\/wp-json\/wp\/v2\/tags?post=722"}],"curies":[{"name":"wp","href":"https:\/\/api.w.org\/{rel}","templated":true}]}}