{"id":728,"date":"2016-07-14T21:39:08","date_gmt":"2016-07-14T21:39:08","guid":{"rendered":"http:\/\/portal.unisepe.com.br\/univr\/?page_id=728"},"modified":"2020-05-18T17:54:16","modified_gmt":"2020-05-18T20:54:16","slug":"colap","status":"publish","type":"page","link":"https:\/\/portal.unisepe.com.br\/univr\/colap\/","title":{"rendered":"COLAP"},"content":{"rendered":"<p><strong>COMISS\u00c3O DE ACOMPANHAMENTO E CONTROLE SOCIAL DO PROUNI do\u00a0<span>Centro Universit\u00e1rio do Vale do Ribeira<\/span><\/strong><\/p>\n<p><strong>DEFINI\u00c7\u00c3O:<\/strong><br \/>\nOrg\u00e3o colegiado de natureza consultiva, com a finalidade de promover a articula\u00e7\u00e3o entre a Comiss\u00e3o Nacional de Acompanhamento e Controle Social &#8211; CONAP e a comunidade acad\u00eamica.<\/p>\n<p><strong>COMPOSI\u00c7\u00c3O:<\/strong><br \/>\nDe acordo com o artigo 3\u00ba da Portaria MEC n\u00ba1.132 de 2 de dezembro de 2009 a constitui\u00e7\u00e3o da COLAP do\u00a0<span>Centro Universit\u00e1rio do Vale do Ribeira<\/span> \u00e9 a seguinte:<br \/>\nI \u2013 1 (um) representante do corpo discente das institui\u00e7\u00f5es privadas de ensino superior, que deve ser bolsista PROUNI;<br \/>\nTitular: Pedro Ivan Vass\u00e3o de Oliveira<br \/>\nSuplente: Camila Kuznier de Lima<br \/>\nII \u2013 1 (um) representante do corpo docente das institui\u00e7\u00f5es privadas de ensino superior, que deve ser professor em regime de dedica\u00e7\u00e3o m\u00ednima de 20 (vinte) horas semanais;<br \/>\nTitular: Anderson Martins da Silva<br \/>\nIII \u2013 1 (um) representante da dire\u00e7\u00e3o das institui\u00e7\u00f5es privadas de ensino superior, que deve ser o coordenador ou um dos representantes do PROUNI na IES;<br \/>\nTitular: Eduardo Ogawa<br \/>\nSuplente: Vera Joana Costa Adorno<br \/>\nIV \u2013 1 (um) representante da sociedade civil.<br \/>\nSem candidatos.<br \/>\nEstabelece o \u00a7 3\u00ba, do artigo 3\u00ba da Portaria MEC N\u00ba 1.132 de 2 de dezembro de 2009, que n\u00e3o havendo candidatos indicados no processo de escolha da representa\u00e7\u00e3o da sociedade civil, as Comiss\u00f5es Locais ser\u00e3o instaladas sem o segmento.<\/p>\n<p><strong>COMPET\u00caNCIAS:<\/strong><\/p>\n<p>S\u00e3o compet\u00eancias da COLAP:<\/p>\n<p>I &#8211; exercer o acompanhamento, averigua\u00e7\u00e3o e fiscaliza\u00e7\u00e3o da implementa\u00e7\u00e3o do PROUNI nas Institui\u00e7\u00f5es de Ensino Superior (IES) participantes do Programa;<\/p>\n<p>II &#8211; interagir com a comunidade acad\u00eamica e com as organiza\u00e7\u00f5es da sociedade civil, recebendo reclama\u00e7\u00f5es, den\u00fancias, cr\u00edticas e sugest\u00f5es para apresenta\u00e7\u00e3o, se for o caso, \u00e0 Comiss\u00e3o Nacional de Acompanhamento e Controle Social do PROUNI &#8211; CONAP;<\/p>\n<p>III &#8211; emitir, a cada processo seletivo, relat\u00f3rio de acompanhamento do PROUNI; e<br \/>\nIV &#8211; fornecer informa\u00e7\u00f5es sobre o PROUNI \u00e0 CONAP.<\/p>\n<p><strong>LOCALIZA\u00c7\u00c3O:<\/strong><br \/>\nCOLAP<br \/>\nR. Oscar Yoshiaki Mag\u00e1rio, n\u00ba 185, Pr\u00e9dio Administrativo.<br \/>\nJardim das Palmeiras \u2013 Registro \u2013 S\u00e3o Paulo.<\/p>\n<p>&nbsp;<\/p>\n<p><strong>A\u00c7\u00d5ES EM ANDAMENTO:<\/strong><\/p>\n<ul>\n<li><a href=\"\/wp-content\/uploads\/sites\/10003\/2016\/12\/colap\/2013-1-Lista_Espera_PROUNI.pdf\" target=\"_blank\" rel=\"noopener\">Lista de Espera PROUNI 20131<\/a><\/li>\n<\/ul>\n<p><strong>ATAS:<\/strong><\/p>\n<ul>\n<li><a href=\"\/wp-content\/uploads\/sites\/10004\/2020\/05\/ATA-DE-POSSE-COLAP-2018.pdf\" target=\"_blank\" rel=\"noopener\">ATA DE POSSE COLAP 2018<\/a><\/li>\n<li><a href=\"\/wp-content\/uploads\/sites\/10004\/2020\/05\/ATA-DE-POSSE-COLAP-2016.pdf\" target=\"_blank\" rel=\"noopener\">ATA DE POSSE COLAP 2016<\/a><\/li>\n<li><a href=\"\/wp-content\/uploads\/sites\/10003\/2016\/12\/colap\/2014_ATA_DE_POSSE_COLAP-FVR.pdf\" target=\"_blank\" rel=\"noopener\">ATA DE POSSE COLAP 2014<\/a><\/li>\n<li><a href=\"\/wp-content\/uploads\/sites\/10003\/2016\/12\/colap\/2012_ATA_DE_POSSE_COLAP-FVR.pdf\" target=\"_blank\" rel=\"noopener\">ATA DE POSSE COLAP 2012<\/a><\/li>\n<\/ul>\n<p><strong>PORTARIAS:<\/strong><\/p>\n<ul>\n<li><a href=\"\/wp-content\/uploads\/sites\/10004\/2020\/05\/Portaria_COLAP-FVR-n\u00ba03-2018.pdf\" target=\"_blank\" rel=\"noopener\">Portaria COLAP-FVR &#8211; n\u00ba 03\/2018<\/a><\/li>\n<li><a href=\"\/wp-content\/uploads\/sites\/10004\/2020\/05\/Portaria_COLAP-FVR-n\u00ba02-2018.pdf\" target=\"_blank\" rel=\"noopener\">Portaria COLAP-FVR &#8211; n\u00ba 02\/2018<\/a><\/li>\n<li><a href=\"\/wp-content\/uploads\/sites\/10004\/2020\/05\/Portaria_COLAP-FVR-n\u00ba01-2018.pdf\" target=\"_blank\" rel=\"noopener\">Portaria COLAP-FVR &#8211; n\u00ba 01\/2018<\/a><\/li>\n<li><a href=\"\/wp-content\/uploads\/sites\/10003\/2016\/12\/colap\/2016-2-PORTARIA_n\u00ba03 COLAP-REPRESENTANTE-DA-SOCIEDADE-CIVIL.pdf\" target=\"_blank\" rel=\"noopener\">Portaria COLAP-FVR &#8211; n\u00ba 03\/2016<\/a><\/li>\n<li><a href=\"\/wp-content\/uploads\/sites\/10003\/2016\/12\/colap\/2016-2-PORTARIA_n\u00ba02COLAP-DOCENTE.pdf\" target=\"_blank\" rel=\"noopener\">Portaria COLAP-FVR &#8211; n\u00ba 02\/2016<\/a><\/li>\n<li><a href=\"\/wp-content\/uploads\/sites\/10003\/2016\/12\/colap\/2016-2-PORTARIA_n\u00ba01-COLAP-DISCENTE.pdf\" target=\"_blank\" rel=\"noopener\">Portaria COLAP-FVR &#8211; n\u00ba 01\/2016<\/a><\/li>\n<li><a href=\"\/wp-content\/uploads\/sites\/10003\/2016\/12\/colap\/2014-2-PORTARIA_COLAP-FVR_004-2014.pdf\" target=\"_blank\" rel=\"noopener\">Portaria COLAP-FVR &#8211; n\u00ba 04\/2014<\/a><\/li>\n<li><a href=\"\/wp-content\/uploads\/sites\/10003\/2016\/12\/colap\/2014-2-PORTARIA_COLAP-FVR_003-2014.pdf\" target=\"_blank\" rel=\"noopener\">Portaria COLAP-FVR &#8211; n\u00ba 03\/2014<\/a><\/li>\n<li><a href=\"\/wp-content\/uploads\/sites\/10003\/2016\/12\/colap\/2014-2-PORTARIA_COLAP-FVR_002-2014.pdf\" target=\"_blank\" rel=\"noopener\">Portaria COLAP-FVR &#8211; n\u00ba 02\/2014<\/a><\/li>\n<li><a href=\"\/wp-content\/uploads\/sites\/10003\/2016\/12\/colap\/2014-2-PORTARIA_COLAP-FVR_001-2014.pdf\" target=\"_blank\" rel=\"noopener\">Portaria COLAP-FVR &#8211; n\u00ba 01\/2014<\/a><\/li>\n<li><a href=\"\/wp-content\/uploads\/sites\/10003\/2016\/12\/colap\/2012-2-PORTARIA_COLAP-FVR_003-2012.pdf\" target=\"_blank\" rel=\"noopener\">Portaria COLAP-FVR &#8211; n\u00ba 03\/2012<\/a><\/li>\n<li><a href=\"\/wp-content\/uploads\/sites\/10003\/2016\/12\/colap\/2012-2-PORTARIA_COLAP-FVR_002-2012.pdf\" target=\"_blank\" rel=\"noopener\">Portaria COLAP-FVR &#8211; n\u00ba 02\/2012<\/a><\/li>\n<li><a href=\"\/wp-content\/uploads\/sites\/10003\/2016\/12\/colap\/2012-2-PORTARIA_COLAP-FVR_001-2012.pdf\" target=\"_blank\" rel=\"noopener\">Portaria COLAP-FVR &#8211; n\u00ba 01\/2012<\/a><\/li>\n<\/ul>\n","protected":false},"excerpt":{"rendered":"<p>COMISS\u00c3O DE ACOMPANHAMENTO E CONTROLE SOCIAL DO PROUNI do\u00a0Centro Universit\u00e1rio do Vale do Ribeira DEFINI\u00c7\u00c3O: Org\u00e3o colegiado de natureza consultiva, com a finalidade de promover a articula\u00e7\u00e3o entre a Comiss\u00e3o Nacional de Acompanhamento e Controle Social &#8211; CONAP e a comunidade acad\u00eamica. COMPOSI\u00c7\u00c3O: De acordo com o artigo 3\u00ba da<\/p>\n","protected":false},"author":1,"featured_media":0,"parent":0,"menu_order":0,"comment_status":"closed","ping_status":"closed","template":"templates\/template-fullwidth.php","meta":{"footnotes":""},"categories":[],"tags":[],"class_list":["post-728","page","type-page","status-publish","hentry"],"_links":{"self":[{"href":"https:\/\/portal.unisepe.com.br\/univr\/wp-json\/wp\/v2\/pages\/728","targetHints":{"allow":["GET"]}}],"collection":[{"href":"https:\/\/portal.unisepe.com.br\/univr\/wp-json\/wp\/v2\/pages"}],"about":[{"href":"https:\/\/portal.unisepe.com.br\/univr\/wp-json\/wp\/v2\/types\/page"}],"author":[{"embeddable":true,"href":"https:\/\/portal.unisepe.com.br\/univr\/wp-json\/wp\/v2\/users\/1"}],"replies":[{"embeddable":true,"href":"https:\/\/portal.unisepe.com.br\/univr\/wp-json\/wp\/v2\/comments?post=728"}],"version-history":[{"count":9,"href":"https:\/\/portal.unisepe.com.br\/univr\/wp-json\/wp\/v2\/pages\/728\/revisions"}],"predecessor-version":[{"id":4120,"href":"https:\/\/portal.unisepe.com.br\/univr\/wp-json\/wp\/v2\/pages\/728\/revisions\/4120"}],"wp:attachment":[{"href":"https:\/\/portal.unisepe.com.br\/univr\/wp-json\/wp\/v2\/media?parent=728"}],"wp:term":[{"taxonomy":"category","embeddable":true,"href":"https:\/\/portal.unisepe.com.br\/univr\/wp-json\/wp\/v2\/categories?post=728"},{"taxonomy":"post_tag","embeddable":true,"href":"https:\/\/portal.unisepe.com.br\/univr\/wp-json\/wp\/v2\/tags?post=728"}],"curies":[{"name":"wp","href":"https:\/\/api.w.org\/{rel}","templated":true}]}}