{"id":732,"date":"2016-07-14T21:41:37","date_gmt":"2016-07-14T21:41:37","guid":{"rendered":"http:\/\/portal.unisepe.com.br\/univr\/?page_id=732"},"modified":"2020-03-19T16:15:28","modified_gmt":"2020-03-19T19:15:28","slug":"cpa","status":"publish","type":"page","link":"https:\/\/portal.unisepe.com.br\/univr\/cpa\/","title":{"rendered":"Comiss\u00e3o Pr\u00f3pria De Avalia\u00e7\u00e3o"},"content":{"rendered":"<p align=\"center\"><strong>Auto-Avalia\u00e7\u00e3o Institucional<\/strong><\/p>\n<p><strong>Auto-avalia\u00e7\u00e3o<\/strong><\/p>\n<p>&#8211; Coordenada pela Comiss\u00e3o Pr\u00f3pria de Avalia\u00e7\u00e3o (CPA) de cada institui\u00e7\u00e3o e orientada pelas diretrizes e pelo roteiro da auto-avalia\u00e7\u00e3o institucional da CONAES.<br \/>\n&#8211; A Comiss\u00e3o Pr\u00f3pria de Avalia\u00e7\u00e3o \u00e9 um \u00f3rg\u00e3o de natureza consultiva e deliberativa com a fun\u00e7\u00e3o de assessorar a Unidade de Ensino em suas decis\u00f5es estrat\u00e9gicas, na an\u00e1lise e avalia\u00e7\u00e3o do desempenho das atividades desenvolvidas pela institui\u00e7\u00e3o.<br \/>\n&#8211; Em conjunto com a gest\u00e3o da IES, norteia a implanta\u00e7\u00e3o de estrat\u00e9gias e a melhoria dos processos.<\/p>\n<p><strong>Dimens\u00f5es:<\/strong><\/p>\n<p>I. A Miss\u00e3o e o Plano de Desenvolvimento Institucional.<\/p>\n<p>II. A Pol\u00edtica para o Ensino, a Pesquisa, a P\u00f3s-gradua\u00e7\u00e3o, a Extens\u00e3o e a Gest\u00e3o, e as respectivas formas de operacionaliza\u00e7\u00e3o.<\/p>\n<p>III. A Responsabilidade Social.<\/p>\n<p>IV. A Comunica\u00e7\u00e3o com a Sociedade.<\/p>\n<p>V. As Pol\u00edticas de Pessoal.<\/p>\n<p>VI. A Organiza\u00e7\u00e3o e a Gest\u00e3o.<\/p>\n<p>VII. A Infra-estrutura F\u00edsica.<\/p>\n<p>VIII. O Planejamento e a Avalia\u00e7\u00e3o.<\/p>\n<p>IX. As Pol\u00edticas de Atendimento aos Estudantes.<\/p>\n<p>X. A Sustentabilidade Financeira.<\/p>\n<p><strong>ETAPAS:<\/strong><\/p>\n<p>A partir das diretrizes do SINAES, a auto-avalia\u00e7\u00e3o do\u00a0<span>Centro Universit\u00e1rio do Vale do Ribeira<\/span> desenvolve-se em tr\u00eas etapas, cada uma compreendendo a\u00e7\u00f5es relevantes para um efetivo desenvolvimento da auto-avalia\u00e7\u00e3o.<\/p>\n<p><img loading=\"lazy\" decoding=\"async\" class=\"aligncenter size-full wp-image-733\" src=\"\/wp-content\/uploads\/sites\/10003\/2016\/07\/default_clip_image002.gif\" alt=\"default_clip_image002\" width=\"696\" height=\"522\" \/><\/p>\n","protected":false},"excerpt":{"rendered":"<p>Auto-Avalia\u00e7\u00e3o Institucional Auto-avalia\u00e7\u00e3o &#8211; Coordenada pela Comiss\u00e3o Pr\u00f3pria de Avalia\u00e7\u00e3o (CPA) de cada institui\u00e7\u00e3o e orientada pelas diretrizes e pelo roteiro da auto-avalia\u00e7\u00e3o institucional da CONAES. &#8211; A Comiss\u00e3o Pr\u00f3pria de Avalia\u00e7\u00e3o \u00e9 um \u00f3rg\u00e3o de natureza consultiva e deliberativa com a fun\u00e7\u00e3o de assessorar a Unidade de Ensino em<\/p>\n","protected":false},"author":1,"featured_media":0,"parent":0,"menu_order":0,"comment_status":"closed","ping_status":"closed","template":"templates\/template-pagina_menu_vertical.php","meta":{"footnotes":""},"categories":[],"tags":[],"class_list":["post-732","page","type-page","status-publish","hentry"],"_links":{"self":[{"href":"https:\/\/portal.unisepe.com.br\/univr\/wp-json\/wp\/v2\/pages\/732","targetHints":{"allow":["GET"]}}],"collection":[{"href":"https:\/\/portal.unisepe.com.br\/univr\/wp-json\/wp\/v2\/pages"}],"about":[{"href":"https:\/\/portal.unisepe.com.br\/univr\/wp-json\/wp\/v2\/types\/page"}],"author":[{"embeddable":true,"href":"https:\/\/portal.unisepe.com.br\/univr\/wp-json\/wp\/v2\/users\/1"}],"replies":[{"embeddable":true,"href":"https:\/\/portal.unisepe.com.br\/univr\/wp-json\/wp\/v2\/comments?post=732"}],"version-history":[{"count":2,"href":"https:\/\/portal.unisepe.com.br\/univr\/wp-json\/wp\/v2\/pages\/732\/revisions"}],"predecessor-version":[{"id":4035,"href":"https:\/\/portal.unisepe.com.br\/univr\/wp-json\/wp\/v2\/pages\/732\/revisions\/4035"}],"wp:attachment":[{"href":"https:\/\/portal.unisepe.com.br\/univr\/wp-json\/wp\/v2\/media?parent=732"}],"wp:term":[{"taxonomy":"category","embeddable":true,"href":"https:\/\/portal.unisepe.com.br\/univr\/wp-json\/wp\/v2\/categories?post=732"},{"taxonomy":"post_tag","embeddable":true,"href":"https:\/\/portal.unisepe.com.br\/univr\/wp-json\/wp\/v2\/tags?post=732"}],"curies":[{"name":"wp","href":"https:\/\/api.w.org\/{rel}","templated":true}]}}