{"id":742,"date":"2016-07-14T21:46:16","date_gmt":"2016-07-14T21:46:16","guid":{"rendered":"http:\/\/portal.unisepe.com.br\/univr\/?page_id=742"},"modified":"2017-02-02T09:54:27","modified_gmt":"2017-02-02T11:54:27","slug":"roteiro-para-auto-avaliacao","status":"publish","type":"page","link":"https:\/\/portal.unisepe.com.br\/univr\/cpa\/roteiro-para-auto-avaliacao\/","title":{"rendered":"Roteiro para Auto Avalia\u00e7\u00e3o"},"content":{"rendered":"<p><strong><a href=\"\/wp-content\/uploads\/sites\/10003\/2016\/07\/Orientacoes_Gerais_Roteiro_Auto-Avaliacao_IES.pdf\" target=\"_blank\">Orienta\u00e7\u00f5es Gerais para o Roteiro de Auto-Avalia\u00e7\u00e3o da IES<\/a><\/strong><\/p>\n","protected":false},"excerpt":{"rendered":"<p>Orienta\u00e7\u00f5es Gerais para o Roteiro de Auto-Avalia\u00e7\u00e3o da IES<\/p>\n","protected":false},"author":1,"featured_media":0,"parent":732,"menu_order":0,"comment_status":"closed","ping_status":"closed","template":"templates\/template-pagina_link.php","meta":{"footnotes":""},"categories":[],"tags":[],"class_list":["post-742","page","type-page","status-publish","hentry"],"_links":{"self":[{"href":"https:\/\/portal.unisepe.com.br\/univr\/wp-json\/wp\/v2\/pages\/742","targetHints":{"allow":["GET"]}}],"collection":[{"href":"https:\/\/portal.unisepe.com.br\/univr\/wp-json\/wp\/v2\/pages"}],"about":[{"href":"https:\/\/portal.unisepe.com.br\/univr\/wp-json\/wp\/v2\/types\/page"}],"author":[{"embeddable":true,"href":"https:\/\/portal.unisepe.com.br\/univr\/wp-json\/wp\/v2\/users\/1"}],"replies":[{"embeddable":true,"href":"https:\/\/portal.unisepe.com.br\/univr\/wp-json\/wp\/v2\/comments?post=742"}],"version-history":[{"count":1,"href":"https:\/\/portal.unisepe.com.br\/univr\/wp-json\/wp\/v2\/pages\/742\/revisions"}],"predecessor-version":[{"id":1275,"href":"https:\/\/portal.unisepe.com.br\/univr\/wp-json\/wp\/v2\/pages\/742\/revisions\/1275"}],"up":[{"embeddable":true,"href":"https:\/\/portal.unisepe.com.br\/univr\/wp-json\/wp\/v2\/pages\/732"}],"wp:attachment":[{"href":"https:\/\/portal.unisepe.com.br\/univr\/wp-json\/wp\/v2\/media?parent=742"}],"wp:term":[{"taxonomy":"category","embeddable":true,"href":"https:\/\/portal.unisepe.com.br\/univr\/wp-json\/wp\/v2\/categories?post=742"},{"taxonomy":"post_tag","embeddable":true,"href":"https:\/\/portal.unisepe.com.br\/univr\/wp-json\/wp\/v2\/tags?post=742"}],"curies":[{"name":"wp","href":"https:\/\/api.w.org\/{rel}","templated":true}]}}