{"id":745,"date":"2016-07-14T21:50:53","date_gmt":"2016-07-14T21:50:53","guid":{"rendered":"http:\/\/portal.unisepe.com.br\/univr\/?page_id=745"},"modified":"2018-07-06T08:45:55","modified_gmt":"2018-07-06T11:45:55","slug":"portarias","status":"publish","type":"page","link":"https:\/\/portal.unisepe.com.br\/univr\/cpa\/portarias\/","title":{"rendered":"Portarias"},"content":{"rendered":"<ul>\n<li><strong> <a href=\"http:\/\/portal.unisepe.com.br\/univr\/wp-content\/uploads\/sites\/10004\/2018\/05\/Nota-T\u00e9cnica-No65-2014.pdf\" target=\"_blank\" rel=\"noopener\">Nota T\u00e9cnica No65 2014<\/a><\/strong><\/li>\n<li><strong><a href=\"http:\/\/portal.unisepe.com.br\/univr\/wp-content\/uploads\/sites\/10004\/2018\/05\/Nota-T\u00e9cnica-No14-2014.pdf\" target=\"_blank\" rel=\"noopener\">Nota T\u00e9cnica No14 2014<\/a><\/strong><\/li>\n<li><strong> <a href=\"http:\/\/portal.unisepe.com.br\/univr\/wp-content\/uploads\/sites\/10004\/2016\/07\/Portaria_300_de_30.pdf\" target=\"_blank\" rel=\"noopener\">Portaria 821 de 2009 Prazo para postagem Relat\u00f3rio de Auto-Avalia\u00e7\u00e3o<\/a><\/strong><\/li>\n<li><strong><a href=\"http:\/\/portal.unisepe.com.br\/univr\/wp-content\/uploads\/sites\/10004\/2016\/07\/Portaria_1264_de_2008.pdf\" target=\"_blank\" rel=\"noopener\">Portaria 1264 de 2008 SINAES Instrumento de Avalia\u00e7\u00e3o Externa de IES<\/a><\/strong><\/li>\n<li><strong> <a href=\"http:\/\/portal.unisepe.com.br\/univr\/wp-content\/uploads\/sites\/10004\/2016\/07\/Portaria_1081_de_2008.pdf\" target=\"_blank\" rel=\"noopener\">Portaria 1081 de 2008 SINAES Instrumento de Avalia\u00e7\u00e3o de Cursos de Gradua\u00e7\u00e3o<\/a><\/strong><\/li>\n<li><strong> <a href=\"http:\/\/portal.unisepe.com.br\/univr\/wp-content\/uploads\/sites\/10004\/2016\/07\/portaria_821_2009.pdf\" target=\"_blank\" rel=\"noopener\">Portaria 821 de 2009 Prazo para postagem Relat\u00f3rio de Auto-Avalia\u00e7\u00e3o<\/a><\/strong><\/li>\n<\/ul>\n","protected":false},"excerpt":{"rendered":"<p>Nota T\u00e9cnica No65 2014 Nota T\u00e9cnica No14 2014 Portaria 821 de 2009 Prazo para postagem Relat\u00f3rio de Auto-Avalia\u00e7\u00e3o Portaria 1264 de 2008 SINAES Instrumento de Avalia\u00e7\u00e3o Externa de IES Portaria 1081 de 2008 SINAES Instrumento de Avalia\u00e7\u00e3o de Cursos de Gradua\u00e7\u00e3o Portaria 821 de 2009 Prazo para postagem Relat\u00f3rio de<\/p>\n","protected":false},"author":1,"featured_media":0,"parent":732,"menu_order":0,"comment_status":"closed","ping_status":"closed","template":"templates\/template-pagina_menu_vertical.php","meta":{"footnotes":""},"categories":[],"tags":[],"class_list":["post-745","page","type-page","status-publish","hentry"],"_links":{"self":[{"href":"https:\/\/portal.unisepe.com.br\/univr\/wp-json\/wp\/v2\/pages\/745","targetHints":{"allow":["GET"]}}],"collection":[{"href":"https:\/\/portal.unisepe.com.br\/univr\/wp-json\/wp\/v2\/pages"}],"about":[{"href":"https:\/\/portal.unisepe.com.br\/univr\/wp-json\/wp\/v2\/types\/page"}],"author":[{"embeddable":true,"href":"https:\/\/portal.unisepe.com.br\/univr\/wp-json\/wp\/v2\/users\/1"}],"replies":[{"embeddable":true,"href":"https:\/\/portal.unisepe.com.br\/univr\/wp-json\/wp\/v2\/comments?post=745"}],"version-history":[{"count":3,"href":"https:\/\/portal.unisepe.com.br\/univr\/wp-json\/wp\/v2\/pages\/745\/revisions"}],"predecessor-version":[{"id":2502,"href":"https:\/\/portal.unisepe.com.br\/univr\/wp-json\/wp\/v2\/pages\/745\/revisions\/2502"}],"up":[{"embeddable":true,"href":"https:\/\/portal.unisepe.com.br\/univr\/wp-json\/wp\/v2\/pages\/732"}],"wp:attachment":[{"href":"https:\/\/portal.unisepe.com.br\/univr\/wp-json\/wp\/v2\/media?parent=745"}],"wp:term":[{"taxonomy":"category","embeddable":true,"href":"https:\/\/portal.unisepe.com.br\/univr\/wp-json\/wp\/v2\/categories?post=745"},{"taxonomy":"post_tag","embeddable":true,"href":"https:\/\/portal.unisepe.com.br\/univr\/wp-json\/wp\/v2\/tags?post=745"}],"curies":[{"name":"wp","href":"https:\/\/api.w.org\/{rel}","templated":true}]}}