{"id":754,"date":"2016-07-14T21:52:32","date_gmt":"2016-07-14T21:52:32","guid":{"rendered":"http:\/\/portal.unisepe.com.br\/univr\/?page_id=754"},"modified":"2025-10-23T08:38:30","modified_gmt":"2025-10-23T11:38:30","slug":"constituicao-cpa","status":"publish","type":"page","link":"https:\/\/portal.unisepe.com.br\/univr\/cpa\/constituicao-cpa\/","title":{"rendered":"Constitui\u00e7\u00e3o CPA"},"content":{"rendered":"<p><strong>Constitui\u00e7\u00e3o do CPA-UNIVR<\/strong><\/p>\n<p>Professora Adriana Leite Martins- Coordenadora<\/p>\n<p>Professora Giovanna Calore de Souza &#8211; Representante dos Coordenadores de Cursos<\/p>\n<p>Anderson Martins da Silva &#8211; Representante do Corpo Docente<\/p>\n<p>Cintia Kanashiro da Silva &#8211; Representante do Corpo Discente<\/p>\n<p>Matheus Eduardo Souza Pedroso (representante do corpo T\u00e9cnico-Administrativo)<\/p>\n<p>Aguinaldo Guimar\u00e3es (representante da Sociedade Civil)<\/p>\n<p><strong>Contato<\/strong><\/p>\n<p>Fone: (13) 3828-2840<\/p>\n<p>Email: <strong><a href=\"mailto:cpa@scelisul.com.br\">cpa@scelisul.com.br<\/a><\/strong><\/p>\n","protected":false},"excerpt":{"rendered":"<p>Constitui\u00e7\u00e3o do CPA-UNIVR Professora Adriana Leite Martins- Coordenadora Professora Giovanna Calore de Souza &#8211; Representante dos Coordenadores de Cursos Anderson Martins da Silva &#8211; Representante do Corpo Docente Cintia Kanashiro da Silva &#8211; Representante do Corpo Discente Matheus Eduardo Souza Pedroso (representante do corpo T\u00e9cnico-Administrativo) Aguinaldo Guimar\u00e3es (representante da Sociedade<\/p>\n","protected":false},"author":1,"featured_media":0,"parent":732,"menu_order":0,"comment_status":"closed","ping_status":"closed","template":"templates\/template-pagina_menu_vertical.php","meta":{"footnotes":""},"categories":[],"tags":[],"class_list":["post-754","page","type-page","status-publish","hentry"],"_links":{"self":[{"href":"https:\/\/portal.unisepe.com.br\/univr\/wp-json\/wp\/v2\/pages\/754","targetHints":{"allow":["GET"]}}],"collection":[{"href":"https:\/\/portal.unisepe.com.br\/univr\/wp-json\/wp\/v2\/pages"}],"about":[{"href":"https:\/\/portal.unisepe.com.br\/univr\/wp-json\/wp\/v2\/types\/page"}],"author":[{"embeddable":true,"href":"https:\/\/portal.unisepe.com.br\/univr\/wp-json\/wp\/v2\/users\/1"}],"replies":[{"embeddable":true,"href":"https:\/\/portal.unisepe.com.br\/univr\/wp-json\/wp\/v2\/comments?post=754"}],"version-history":[{"count":14,"href":"https:\/\/portal.unisepe.com.br\/univr\/wp-json\/wp\/v2\/pages\/754\/revisions"}],"predecessor-version":[{"id":6412,"href":"https:\/\/portal.unisepe.com.br\/univr\/wp-json\/wp\/v2\/pages\/754\/revisions\/6412"}],"up":[{"embeddable":true,"href":"https:\/\/portal.unisepe.com.br\/univr\/wp-json\/wp\/v2\/pages\/732"}],"wp:attachment":[{"href":"https:\/\/portal.unisepe.com.br\/univr\/wp-json\/wp\/v2\/media?parent=754"}],"wp:term":[{"taxonomy":"category","embeddable":true,"href":"https:\/\/portal.unisepe.com.br\/univr\/wp-json\/wp\/v2\/categories?post=754"},{"taxonomy":"post_tag","embeddable":true,"href":"https:\/\/portal.unisepe.com.br\/univr\/wp-json\/wp\/v2\/tags?post=754"}],"curies":[{"name":"wp","href":"https:\/\/api.w.org\/{rel}","templated":true}]}}