{"id":768,"date":"2016-07-14T22:03:10","date_gmt":"2016-07-14T22:03:10","guid":{"rendered":"http:\/\/portal.unisepe.com.br\/univr\/?page_id=768"},"modified":"2018-05-18T10:05:11","modified_gmt":"2018-05-18T13:05:11","slug":"noticias","status":"publish","type":"page","link":"https:\/\/portal.unisepe.com.br\/univr\/cpa\/noticias\/","title":{"rendered":"Not\u00edcias"},"content":{"rendered":"<p><strong>Cronogramas<\/strong><\/p>\n<hr \/>\n<ul>\n<li><a href=\"http:\/\/portal.unisepe.com.br\/univr\/wp-content\/uploads\/sites\/10004\/2018\/05\/CRONOGRAMA-DE-REUNI\u00d5ES-2018-1.pdf\" target=\"_blank\" rel=\"noopener\">CRONOGRAMA DE REUNI\u00d5ES 2018-1<\/a><\/li>\n<li><a href=\"http:\/\/portal.unisepe.com.br\/univr\/wp-content\/uploads\/sites\/10004\/2018\/05\/CRONOGRAMA-DE-REUNI\u00d5ES-2017-2.pdf\" target=\"_blank\" rel=\"noopener\">CRONOGRAMA DE REUNI\u00d5ES 2017-2<\/a><\/li>\n<li><a href=\"http:\/\/portal.unisepe.com.br\/univr\/wp-content\/uploads\/sites\/10004\/2018\/05\/CRONOGRAMA-DE-REUNI\u00d5ES-2017-1.pdf\" target=\"_blank\" rel=\"noopener\">CRONOGRAMA DE REUNI\u00d5ES 2017-1<\/a><\/li>\n<li><a href=\"http:\/\/portal.unisepe.com.br\/univr\/wp-content\/uploads\/sites\/10004\/2018\/05\/CRONOGRAMA-DE-REUNI\u00d5ES-2016-2.pdf\" target=\"_blank\" rel=\"noopener\">CRONOGRAMA DE REUNI\u00d5ES 2016-2<\/a><\/li>\n<li><a href=\"http:\/\/portal.unisepe.com.br\/univr\/wp-content\/uploads\/sites\/10004\/2018\/05\/CRONOGRAMA-DE-REUNI\u00d5ES-2016-1.pdf\" target=\"_blank\" rel=\"noopener\">CRONOGRAMA DE REUNI\u00d5ES 2016-1<\/a><\/li>\n<li><a href=\"http:\/\/portal.unisepe.com.br\/univr\/wp-content\/uploads\/sites\/10004\/2018\/05\/CRONOGRAMA-DE-REUNI\u00d5ES-2015-2.pdf\" target=\"_blank\" rel=\"noopener\">CRONOGRAMA DE REUNI\u00d5ES 2015-2<\/a><\/li>\n<li><a href=\"http:\/\/portal.unisepe.com.br\/univr\/wp-content\/uploads\/sites\/10004\/2018\/05\/CRONOGRAMA-DE-REUNI\u00d5ES-2015-1.pdf\" target=\"_blank\" rel=\"noopener\">CRONOGRAMA DE REUNI\u00d5ES 2015-1<\/a><\/li>\n<\/ul>\n<p><strong>Calend\u00e1rios<\/strong><\/p>\n<hr \/>\n<ul>\n<li><a href=\"http:\/\/portal.unisepe.com.br\/univr\/wp-content\/uploads\/sites\/10004\/2018\/05\/CALEND\u00c1RIO-DE-COLETA-AVIN-2017.pdf\" target=\"_blank\" rel=\"noopener\">CALEND\u00c1RIO DE COLETA AVIN 2017<\/a><\/li>\n<li><a href=\"http:\/\/portal.unisepe.com.br\/univr\/wp-content\/uploads\/sites\/10004\/2018\/05\/CALEND\u00c1RIO-DE-COLETA-AVIN-2016.pdf\" target=\"_blank\" rel=\"noopener\">CALEND\u00c1RIO DE COLETA AVIN 2016<\/a><\/li>\n<\/ul>\n<p>&nbsp;<\/p>\n","protected":false},"excerpt":{"rendered":"<p>Cronogramas CRONOGRAMA DE REUNI\u00d5ES 2018-1 CRONOGRAMA DE REUNI\u00d5ES 2017-2 CRONOGRAMA DE REUNI\u00d5ES 2017-1 CRONOGRAMA DE REUNI\u00d5ES 2016-2 CRONOGRAMA DE REUNI\u00d5ES 2016-1 CRONOGRAMA DE REUNI\u00d5ES 2015-2 CRONOGRAMA DE REUNI\u00d5ES 2015-1 Calend\u00e1rios CALEND\u00c1RIO DE COLETA AVIN 2017 CALEND\u00c1RIO DE COLETA AVIN 2016 &nbsp;<\/p>\n","protected":false},"author":1,"featured_media":0,"parent":732,"menu_order":0,"comment_status":"closed","ping_status":"closed","template":"templates\/template-pagina_menu_vertical.php","meta":{"footnotes":""},"categories":[],"tags":[],"class_list":["post-768","page","type-page","status-publish","hentry"],"_links":{"self":[{"href":"https:\/\/portal.unisepe.com.br\/univr\/wp-json\/wp\/v2\/pages\/768","targetHints":{"allow":["GET"]}}],"collection":[{"href":"https:\/\/portal.unisepe.com.br\/univr\/wp-json\/wp\/v2\/pages"}],"about":[{"href":"https:\/\/portal.unisepe.com.br\/univr\/wp-json\/wp\/v2\/types\/page"}],"author":[{"embeddable":true,"href":"https:\/\/portal.unisepe.com.br\/univr\/wp-json\/wp\/v2\/users\/1"}],"replies":[{"embeddable":true,"href":"https:\/\/portal.unisepe.com.br\/univr\/wp-json\/wp\/v2\/comments?post=768"}],"version-history":[{"count":3,"href":"https:\/\/portal.unisepe.com.br\/univr\/wp-json\/wp\/v2\/pages\/768\/revisions"}],"predecessor-version":[{"id":2387,"href":"https:\/\/portal.unisepe.com.br\/univr\/wp-json\/wp\/v2\/pages\/768\/revisions\/2387"}],"up":[{"embeddable":true,"href":"https:\/\/portal.unisepe.com.br\/univr\/wp-json\/wp\/v2\/pages\/732"}],"wp:attachment":[{"href":"https:\/\/portal.unisepe.com.br\/univr\/wp-json\/wp\/v2\/media?parent=768"}],"wp:term":[{"taxonomy":"category","embeddable":true,"href":"https:\/\/portal.unisepe.com.br\/univr\/wp-json\/wp\/v2\/categories?post=768"},{"taxonomy":"post_tag","embeddable":true,"href":"https:\/\/portal.unisepe.com.br\/univr\/wp-json\/wp\/v2\/tags?post=768"}],"curies":[{"name":"wp","href":"https:\/\/api.w.org\/{rel}","templated":true}]}}