{"id":790,"date":"2016-07-14T22:20:24","date_gmt":"2016-07-14T22:20:24","guid":{"rendered":"http:\/\/portal.unisepe.com.br\/univr\/?page_id=790"},"modified":"2025-12-12T10:31:34","modified_gmt":"2025-12-12T13:31:34","slug":"editais","status":"publish","type":"page","link":"https:\/\/portal.unisepe.com.br\/univr\/manuais-editais-regulamentos-e-portarias\/editais\/","title":{"rendered":"Editais"},"content":{"rendered":"<h5>2026<\/h5>\n<hr \/>\n<ul>\n<li><a href=\"https:\/\/portal.unisepe.com.br\/univr\/wp-content\/uploads\/sites\/10004\/2025\/12\/02-2025-ENCARGOS-EDUCAIONAIS-2026.pdf\" target=\"_blank\" rel=\"noopener noreferrer\">002\/2025 &#8211; ENCARGOS EDUCACIONAIS 2026<\/a><\/li>\n<\/ul>\n<h5>2025<\/h5>\n<hr \/>\n<ul>\n<li><a href=\"https:\/\/portal.unisepe.com.br\/univr\/wp-content\/uploads\/sites\/10004\/2024\/10\/05-2024-ENCARGOS-EDUCACIONAIS-2025.pdf\" target=\"_blank\" rel=\"noopener noreferrer\">005\/2024 &#8211; ENCARGOS EDUCACIONAIS 2025<\/a><\/li>\n<\/ul>\n<h5>2024<\/h5>\n<hr \/>\n<ul>\n<li><a href=\"https:\/\/portal.unisepe.com.br\/univr\/wp-content\/uploads\/sites\/10004\/2023\/10\/06-2023-ENCARGOS-EDUCACIONAIS-2023.pdf\" target=\"_blank\" rel=\"noopener noreferrer\">006\/2023 &#8211; ENCARGOS EDUCACIONAIS 2024<\/a><\/li>\n<\/ul>\n<h5>2023<\/h5>\n<hr \/>\n<ul>\n<li><a href=\"https:\/\/portal.unisepe.com.br\/univr\/wp-content\/uploads\/sites\/10004\/2023\/02\/05-2022.pdf\" target=\"_blank\" rel=\"noopener noreferrer\">005\/2022 &#8211; ENCARGOS EDUCACIONAIS 2023<\/a><\/li>\n<li><a href=\"https:\/\/portal.unisepe.com.br\/univr\/wp-content\/uploads\/sites\/10004\/2023\/07\/042023-ENCARGOS-EDUCACIONAIS-2023.pdf\" target=\"_blank\" rel=\"noopener noreferrer\">004\/2023 &#8211; ENCARGOS EDUCACIONAIS 2023<\/a><\/li>\n<li><a href=\"https:\/\/portal.unisepe.com.br\/univr\/wp-content\/uploads\/sites\/10004\/2023\/10\/PROCESSO-SELETIVO-1\u00ba-SEMESTRE-DE-2024.pdf\" target=\"_blank\" rel=\"noopener noreferrer\">005\/2023<\/a><\/li>\n<\/ul>\n<h5>2022<\/h5>\n<hr \/>\n<ul>\n<li><a href=\"https:\/\/portal.unisepe.com.br\/univr\/wp-content\/uploads\/sites\/10004\/2022\/01\/2021-EDITAL_003-2021-UNIVR_EDITAL_DE_ENCARGOS_20221.pdf\" target=\"_blank\" rel=\"noopener noreferrer\">003\/2021 &#8211; ENCARGOS EDUCACIONAIS 2022<\/a><\/li>\n<\/ul>\n<h5>2021<\/h5>\n<hr \/>\n<ul>\n<li><a href=\"https:\/\/portal.unisepe.com.br\/univr\/wp-content\/uploads\/sites\/10004\/2021\/06\/EDITAL-DE-ENCARGOS-2021.pdf\" target=\"_blank\" rel=\"noopener noreferrer\">010\/2020 &#8211; ENCARGOS EDUCACIONAIS 2021<\/a><\/li>\n<\/ul>\n<h5>2020<\/h5>\n<hr \/>\n<ul>\n<li><a href=\"http:\/\/central.unisep.com.br\/vestibular\/editais\/E0003_20202.pdf\" target=\"_blank\" rel=\"noopener noreferrer\">001\/2020<\/a><\/li>\n<li><a href=\"https:\/\/portal.unisepe.com.br\/univr\/wp-content\/uploads\/sites\/10004\/2020\/10\/EDITAL-DE-ENCARGOS-EDUCACIONAIS-20202.pdf\" target=\"_blank\" rel=\"noopener noreferrer\">002\/2020 &#8211; ENCARGOS EDUCACIONAIS 2020<\/a><\/li>\n<li><a href=\"https:\/\/portal.unisepe.com.br\/univr\/wp-content\/uploads\/sites\/10004\/2020\/07\/Edital-005-2020.pdf\" target=\"_blank\" rel=\"noopener noreferrer\">005\/2020<\/a><\/li>\n<li><a href=\"https:\/\/portal.unisepe.com.br\/univr\/wp-content\/uploads\/sites\/10004\/2020\/07\/006-2020-edital.pdf\" target=\"_blank\" rel=\"noopener noreferrer\">006\/2020<\/a><\/li>\n<\/ul>\n<h5>2019<\/h5>\n<hr \/>\n<ul>\n<li><a href=\"http:\/\/portal.unisepe.com.br\/univr\/wp-content\/uploads\/sites\/10004\/2019\/06\/20191-EDITAL_002-2019-EDITAL-DO-PROGRAMA-DE-INICIA\u00c7\u00c3O-CIENT\u00cdFICA.pdf\" target=\"_blank\" rel=\"noopener noreferrer\">002\/2019<\/a><\/li>\n<li><a href=\"http:\/\/portal.unisepe.com.br\/univr\/wp-content\/uploads\/sites\/10004\/2019\/12\/Edital-de-encargos-2020.pdf\" target=\"_blank\" rel=\"noopener noreferrer\">007\/2019 &#8211; ENCARGOS EDUCACIONAIS 2020<\/a><\/li>\n<\/ul>\n<h5>2018<\/h5>\n<hr \/>\n<ul>\n<li><a href=\"https:\/\/portal.unisepe.com.br\/univr\/wp-content\/uploads\/sites\/10004\/2020\/07\/E0003_20182.pdf\" target=\"_blank\" rel=\"noopener noreferrer\">002\/2018<\/a><\/li>\n<li><a href=\"http:\/\/portal.unisepe.com.br\/univr\/wp-content\/uploads\/sites\/10004\/2019\/01\/20191-Edital-de-Encargos-FVR-02-10-2018-Rev1.pdf\" target=\"_blank\" rel=\"noopener noreferrer\">007\/2018 &#8211; ENCARGOS EDUCACIONAIS 2019<\/a><\/li>\n<\/ul>\n<h5>2017<\/h5>\n<hr \/>\n<ul>\n<li><a href=\"https:\/\/portal.unisepe.com.br\/univr\/wp-content\/uploads\/sites\/10004\/2020\/07\/E0003_20181.pdf\" target=\"_blank\" rel=\"noopener noreferrer\">005\/2017<\/a><\/li>\n<li><a href=\"http:\/\/portal.unisepe.com.br\/ead\/wp-content\/uploads\/sites\/10000\/2018\/08\/EDITAL-ENCARGOS-20182.pdf\" target=\"_blank\" rel=\"noopener noreferrer\">006\/2017 &#8211; ENCARGOS EDUCACIONAIS 2018<\/a><\/li>\n<\/ul>\n<p><strong>Pol\u00edticas<\/strong><\/p>\n<hr \/>\n<ul>\n<li><strong><a href=\"http:\/\/central.unisep.com.br\/politica%20de%20privacidade%20unisepe.pdf\" target=\"_blank\" rel=\"noopener noreferrer\">Pol\u00edtica de Privacidade<\/a><\/strong><\/li>\n<\/ul>\n","protected":false},"excerpt":{"rendered":"<p>2026 002\/2025 &#8211; ENCARGOS EDUCACIONAIS 2026 2025 005\/2024 &#8211; ENCARGOS EDUCACIONAIS 2025 2024 006\/2023 &#8211; ENCARGOS EDUCACIONAIS 2024 2023 005\/2022 &#8211; ENCARGOS EDUCACIONAIS 2023 004\/2023 &#8211; ENCARGOS EDUCACIONAIS 2023 005\/2023 2022 003\/2021 &#8211; ENCARGOS EDUCACIONAIS 2022 2021 010\/2020 &#8211; ENCARGOS EDUCACIONAIS 2021 2020 001\/2020 002\/2020 &#8211; ENCARGOS EDUCACIONAIS 2020 005\/2020<\/p>\n","protected":false},"author":1,"featured_media":0,"parent":788,"menu_order":0,"comment_status":"closed","ping_status":"closed","template":"templates\/template-pagina_menu_vertical.php","meta":{"footnotes":""},"categories":[],"tags":[],"class_list":["post-790","page","type-page","status-publish","hentry"],"_links":{"self":[{"href":"https:\/\/portal.unisepe.com.br\/univr\/wp-json\/wp\/v2\/pages\/790","targetHints":{"allow":["GET"]}}],"collection":[{"href":"https:\/\/portal.unisepe.com.br\/univr\/wp-json\/wp\/v2\/pages"}],"about":[{"href":"https:\/\/portal.unisepe.com.br\/univr\/wp-json\/wp\/v2\/types\/page"}],"author":[{"embeddable":true,"href":"https:\/\/portal.unisepe.com.br\/univr\/wp-json\/wp\/v2\/users\/1"}],"replies":[{"embeddable":true,"href":"https:\/\/portal.unisepe.com.br\/univr\/wp-json\/wp\/v2\/comments?post=790"}],"version-history":[{"count":29,"href":"https:\/\/portal.unisepe.com.br\/univr\/wp-json\/wp\/v2\/pages\/790\/revisions"}],"predecessor-version":[{"id":6418,"href":"https:\/\/portal.unisepe.com.br\/univr\/wp-json\/wp\/v2\/pages\/790\/revisions\/6418"}],"up":[{"embeddable":true,"href":"https:\/\/portal.unisepe.com.br\/univr\/wp-json\/wp\/v2\/pages\/788"}],"wp:attachment":[{"href":"https:\/\/portal.unisepe.com.br\/univr\/wp-json\/wp\/v2\/media?parent=790"}],"wp:term":[{"taxonomy":"category","embeddable":true,"href":"https:\/\/portal.unisepe.com.br\/univr\/wp-json\/wp\/v2\/categories?post=790"},{"taxonomy":"post_tag","embeddable":true,"href":"https:\/\/portal.unisepe.com.br\/univr\/wp-json\/wp\/v2\/tags?post=790"}],"curies":[{"name":"wp","href":"https:\/\/api.w.org\/{rel}","templated":true}]}}