{"id":793,"date":"2016-07-14T22:21:32","date_gmt":"2016-07-14T22:21:32","guid":{"rendered":"http:\/\/portal.unisepe.com.br\/univr\/?page_id=793"},"modified":"2025-09-16T15:19:18","modified_gmt":"2025-09-16T18:19:18","slug":"portarias","status":"publish","type":"page","link":"https:\/\/portal.unisepe.com.br\/univr\/manuais-editais-regulamentos-e-portarias\/portarias\/","title":{"rendered":"Portarias"},"content":{"rendered":"<h5>2025<\/h5>\n<hr \/>\n<ul>\n<li><a href=\"https:\/\/portal.unisepe.com.br\/univr\/wp-content\/uploads\/sites\/10004\/2025\/01\/01-2025.pdf\">01\/2025<\/a><\/li>\n<li><a href=\"https:\/\/portal.unisepe.com.br\/univr\/wp-content\/uploads\/sites\/10004\/2025\/01\/02-2025.pdf\">02\/2025<\/a><\/li>\n<li><a href=\"https:\/\/portal.unisepe.com.br\/univr\/wp-content\/uploads\/sites\/10004\/2025\/05\/082025-1.pdf\" target=\"_blank\" rel=\"noopener\">08\/2025<\/a><\/li>\n<li><a href=\"https:\/\/portal.unisepe.com.br\/univr\/wp-content\/uploads\/sites\/10004\/2025\/09\/2025-2-UNIVR-Portaria-MEC-607-2025-de-11-09-2025-AUTORIZACAO-DOS-CURSOS-SEMIPRESENCIAIS.pdf\" target=\"_blank\" rel=\"noopener\">Ato autorizativo do curso<\/a><\/li>\n<\/ul>\n<h5>2024<\/h5>\n<hr \/>\n<ul>\n<li><a href=\"https:\/\/portal.unisepe.com.br\/univr\/wp-content\/uploads\/sites\/10004\/2025\/01\/10-2023.pdf\" target=\"_blank\" rel=\"noopener noreferrer\">10\/2023<\/a><\/li>\n<\/ul>\n<h5>2023<\/h5>\n<hr \/>\n<ul>\n<li><a href=\"https:\/\/portal.unisepe.com.br\/univr\/wp-content\/uploads\/sites\/10004\/2023\/02\/01-2023.pdf\" target=\"_blank\" rel=\"noopener noreferrer\">001\/2023<\/a><\/li>\n<li><a href=\"https:\/\/portal.unisepe.com.br\/univr\/wp-content\/uploads\/sites\/10004\/2023\/05\/005-2023.pdf\" target=\"_blank\" rel=\"noopener noreferrer\">005\/2023<\/a><\/li>\n<li><a href=\"https:\/\/portal.unisepe.com.br\/univr\/wp-content\/uploads\/sites\/10004\/2023\/07\/062023.pdf\" target=\"_blank\" rel=\"noopener noreferrer\">006\/2023<\/a><\/li>\n<\/ul>\n<h5>2022<\/h5>\n<hr \/>\n<ul>\n<li><a href=\"https:\/\/portal.unisepe.com.br\/univr\/wp-content\/uploads\/sites\/10004\/2022\/01\/2021-2-PORTARIA-008-2021-PORTARIA-CESU.pdf\" target=\"_blank\" rel=\"noopener noreferrer\">008\/2021<\/a><\/li>\n<\/ul>\n<h5>2021<\/h5>\n<hr \/>\n<ul>\n<li><a href=\"https:\/\/portal.unisepe.com.br\/univr\/wp-content\/uploads\/sites\/10004\/2021\/03\/2021-1-PORTARIA-003-2021-PORTARIA-DE-DESIGNA\u00c7\u00c3O-DE-COMISS\u00c3O-DE-INQU\u00c9RITO-ADMINISTRATIVO-1.pdf\" target=\"_blank\" rel=\"noopener noreferrer\">003\/2021<\/a><\/li>\n<li><a href=\"https:\/\/portal.unisepe.com.br\/univr\/wp-content\/uploads\/sites\/10004\/2021\/05\/008-2021.pdf\">004\/2021<\/a><\/li>\n<li><a href=\"https:\/\/portal.unisepe.com.br\/univr\/wp-content\/uploads\/sites\/10004\/2021\/07\/Portaria-005-2021.pdf\">005\/2021<\/a><\/li>\n<li><a href=\"https:\/\/portal.unisepe.com.br\/univr\/wp-content\/uploads\/sites\/10004\/2021\/08\/PORTARIA-N\u00ba.-006-2021.pdf\" target=\"_blank\" rel=\"noopener noreferrer\">006\/2021<\/a><\/li>\n<\/ul>\n<h5>2020<\/h5>\n<hr \/>\n<ul>\n<li><a href=\"http:\/\/portal.unisepe.com.br\/univr\/wp-content\/uploads\/sites\/10004\/2020\/04\/Portaria-004-Covid19-UNIVR.pdf\" target=\"_blank\" rel=\"noopener noreferrer\">004\/2020<\/a><\/li>\n<li><a href=\"http:\/\/portal.unisepe.com.br\/univr\/wp-content\/uploads\/sites\/10004\/2020\/07\/005-2020.pdf\" target=\"_blank\" rel=\"noopener noreferrer\">005\/2020<\/a><\/li>\n<li><a href=\"https:\/\/portal.unisepe.com.br\/univr\/wp-content\/uploads\/sites\/10004\/2020\/07\/006-2020-portaria.pdf\" target=\"_blank\" rel=\"noopener noreferrer\">006\/2020<\/a><\/li>\n<li><a href=\"http:\/\/portal.unisepe.com.br\/univr\/wp-content\/uploads\/sites\/10004\/2020\/07\/007-2020.pdf\" target=\"_blank\" rel=\"noopener noreferrer\">007\/2020<\/a><\/li>\n<li><a href=\"https:\/\/portal.unisepe.com.br\/univr\/wp-content\/uploads\/sites\/10004\/2021\/01\/008-2020.pdf\" target=\"_blank\" rel=\"noopener noreferrer\">008\/2020<\/a><\/li>\n<li><a href=\"https:\/\/portal.unisepe.com.br\/univr\/wp-content\/uploads\/sites\/10004\/2021\/01\/PORTARIA_09-2020-LIBERACAO_DE_MATRICULA.pdf\" target=\"_blank\" rel=\"noopener noreferrer\">009\/2020<\/a><\/li>\n<\/ul>\n<h5>2019<\/h5>\n<hr \/>\n<ul>\n<li><a href=\"http:\/\/portal.unisepe.com.br\/univr\/wp-content\/uploads\/sites\/10004\/2019\/10\/Portaria-012019-C\u00e1lculo-Proporcional-de-Disciplinas.pdf\" target=\"_blank\" rel=\"noopener noreferrer\">001\/2019<\/a><\/li>\n<li><a href=\"http:\/\/portal.unisepe.com.br\/univr\/wp-content\/uploads\/sites\/10004\/2019\/05\/Portaria-Cesu-20191.pdf\" target=\"_blank\" rel=\"noopener noreferrer\">003\/2019<\/a><\/li>\n<li><a href=\"http:\/\/portal.unisepe.com.br\/univr\/wp-content\/uploads\/sites\/10004\/2019\/06\/LIBERA\u00c7\u00c3O-DE-MATRICULA-COM-DPs.pdf\" target=\"_blank\" rel=\"noopener noreferrer\">005\/2019<\/a><\/li>\n<\/ul>\n<h5>2018<\/h5>\n<hr \/>\n<ul>\n<li><a href=\"http:\/\/portal.unisepe.com.br\/univr\/wp-content\/uploads\/sites\/10004\/2018\/07\/Portaria-003_2018-Cesu-Credito-Educativo-Solidario.pdf\" target=\"_blank\" rel=\"noopener noreferrer\">003\/2018<\/a><\/li>\n<li><a href=\"http:\/\/portal.unisepe.com.br\/univr\/wp-content\/uploads\/sites\/10004\/2018\/07\/Portaria-004_2018-Liberacao-de-Matricula.pdf\" target=\"_blank\" rel=\"noopener noreferrer\">004\/2018<\/a><\/li>\n<li><a href=\"http:\/\/portal.unisepe.com.br\/univr\/wp-content\/uploads\/sites\/10004\/2018\/09\/2018-2-PORTARIA-006-2018-ATENDIMENTO-VIA-REDE-SOCIAL.pdf\" target=\"_blank\" rel=\"noopener noreferrer\">006\/2018<\/a><\/li>\n<\/ul>\n","protected":false},"excerpt":{"rendered":"<p>2025 01\/2025 02\/2025 08\/2025 Ato autorizativo do curso 2024 10\/2023 2023 001\/2023 005\/2023 006\/2023 2022 008\/2021 2021 003\/2021 004\/2021 005\/2021 006\/2021 2020 004\/2020 005\/2020 006\/2020 007\/2020 008\/2020 009\/2020 2019 001\/2019 003\/2019 005\/2019 2018 003\/2018 004\/2018 006\/2018<\/p>\n","protected":false},"author":1,"featured_media":0,"parent":788,"menu_order":0,"comment_status":"closed","ping_status":"closed","template":"templates\/template-pagina_menu_vertical.php","meta":{"footnotes":""},"categories":[],"tags":[],"class_list":["post-793","page","type-page","status-publish","hentry"],"_links":{"self":[{"href":"https:\/\/portal.unisepe.com.br\/univr\/wp-json\/wp\/v2\/pages\/793","targetHints":{"allow":["GET"]}}],"collection":[{"href":"https:\/\/portal.unisepe.com.br\/univr\/wp-json\/wp\/v2\/pages"}],"about":[{"href":"https:\/\/portal.unisepe.com.br\/univr\/wp-json\/wp\/v2\/types\/page"}],"author":[{"embeddable":true,"href":"https:\/\/portal.unisepe.com.br\/univr\/wp-json\/wp\/v2\/users\/1"}],"replies":[{"embeddable":true,"href":"https:\/\/portal.unisepe.com.br\/univr\/wp-json\/wp\/v2\/comments?post=793"}],"version-history":[{"count":44,"href":"https:\/\/portal.unisepe.com.br\/univr\/wp-json\/wp\/v2\/pages\/793\/revisions"}],"predecessor-version":[{"id":6402,"href":"https:\/\/portal.unisepe.com.br\/univr\/wp-json\/wp\/v2\/pages\/793\/revisions\/6402"}],"up":[{"embeddable":true,"href":"https:\/\/portal.unisepe.com.br\/univr\/wp-json\/wp\/v2\/pages\/788"}],"wp:attachment":[{"href":"https:\/\/portal.unisepe.com.br\/univr\/wp-json\/wp\/v2\/media?parent=793"}],"wp:term":[{"taxonomy":"category","embeddable":true,"href":"https:\/\/portal.unisepe.com.br\/univr\/wp-json\/wp\/v2\/categories?post=793"},{"taxonomy":"post_tag","embeddable":true,"href":"https:\/\/portal.unisepe.com.br\/univr\/wp-json\/wp\/v2\/tags?post=793"}],"curies":[{"name":"wp","href":"https:\/\/api.w.org\/{rel}","templated":true}]}}