{"id":799,"date":"2016-07-14T22:28:24","date_gmt":"2016-07-14T22:28:24","guid":{"rendered":"http:\/\/portal.unisepe.com.br\/univr\/?page_id=799"},"modified":"2024-02-05T12:31:54","modified_gmt":"2024-02-05T15:31:54","slug":"manuais-institucionais","status":"publish","type":"page","link":"https:\/\/portal.unisepe.com.br\/univr\/manuais-editais-regulamentos-e-portarias\/manuais-institucionais\/","title":{"rendered":"Manuais Institucionais"},"content":{"rendered":"<div id=\"normas\"><\/div>\n<p><strong>Manuais Institucionais<\/strong><\/p>\n<ul>\n<li><a href=\"https:\/\/portal.unisepe.com.br\/wp-content\/uploads\/2024\/02\/UNISEPE-SECRETARIA-VIRUTAL-DISCENTE-.pdf\" target=\"_blank\" rel=\"noopener noreferrer\">Manual Secretaria Virtual<\/a><\/li>\n<li><a href=\"http:\/\/portal.unisepe.com.br\/univr\/wp-content\/uploads\/sites\/10004\/2020\/05\/2019-2-MANUAL-DISCENTE-2019.pdf\" target=\"_blank\" rel=\"noopener noreferrer\">Manual discente<\/a><\/li>\n<li><a href=\"https:\/\/portal.unisepe.com.br\/univr\/wp-content\/uploads\/sites\/10004\/2022\/05\/ALUNO-MANUAL-REMATRICULA.pdf\" target=\"_blank\" rel=\"noopener noreferrer\">Manual de Rematr\u00edcula<\/a><\/li>\n<li><a href=\"http:\/\/portal.unisepe.com.br\/univr\/wp-content\/uploads\/sites\/10004\/2020\/05\/Manual_Artigo_Cientifico.pdf\" target=\"_blank\" rel=\"noopener noreferrer\">Manual de Artigo Cient\u00edfico MAC<\/a><\/li>\n<li><a href=\"http:\/\/portal.unisepe.com.br\/univr\/wp-content\/uploads\/sites\/10004\/2020\/05\/Manual_Atividades_Complementares.pdf\" target=\"_blank\" rel=\"noopener noreferrer\">Manual de Procedimentos Atividades Complementares<\/a><\/li>\n<li><a href=\"http:\/\/portal.unisepe.com.br\/univr\/wp-content\/uploads\/sites\/10004\/2020\/05\/MANUAL-INSTITUCIONAL-DE-BIOSSEGURAN\u00c7A.pdf\" target=\"_blank\" rel=\"noopener noreferrer\">Manual de Biosseguran\u00e7a<\/a><\/li>\n<li><a href=\"http:\/\/portal.unisepe.com.br\/univr\/wp-content\/uploads\/sites\/10004\/2020\/05\/Manual-de-Normas-Gerais.pdf\" target=\"_blank\" rel=\"noopener noreferrer\">Manual de Normas<\/a><\/li>\n<li><a href=\"http:\/\/portal.unisepe.com.br\/univr\/wp-content\/uploads\/sites\/10004\/2020\/05\/Manual_Relatorio_Cientifico.pdf\" target=\"_blank\" rel=\"noopener noreferrer\">Manual de Relat\u00f3rio Cient\u00edfico MRC<\/a><\/li>\n<li><a href=\"https:\/\/portal.unisepe.com.br\/univr\/wp-content\/uploads\/sites\/10004\/2022\/01\/MANUAL_NET_ALUNOS_.pdf\" target=\"_blank\" rel=\"noopener noreferrer\">Manual para o uso do WI-FI<\/a><\/li>\n<li><a href=\"http:\/\/portal.unisepe.com.br\/wp-content\/uploads\/2020\/03\/DESBLOQUEIO-DE-COOKIES.pdf\" target=\"_blank\" rel=\"noopener noreferrer\">Manual desbloqueio de cookies<\/a><\/li>\n<\/ul>\n<p><strong>Normas<\/strong><\/p>\n<ul>\n<li><a href=\"https:\/\/portal.unisepe.com.br\/univr\/wp-content\/uploads\/sites\/10004\/2022\/05\/UNISEPE-NORMAS-PARA-USO-DE-INTERNET.pdf\" target=\"_blank\" rel=\"noopener noreferrer\">Normas para uso de internet<\/a><\/li>\n<li><a href=\"https:\/\/portal.unisepe.com.br\/univr\/wp-content\/uploads\/sites\/10004\/2021\/06\/UNIVR-NORMAS-PARA-USO-DOS-LABORAT\u00d3RIOS-COVID.pdf\" target=\"_blank\" rel=\"noopener noreferrer\">Normas para uso dos laborat\u00f3rios de inform\u00e1tica<\/a><\/li>\n<\/ul>\n<p><strong>Informativos<\/strong><\/p>\n<ul>\n<li><a href=\"https:\/\/portal.unisepe.com.br\/univr\/wp-content\/uploads\/sites\/10004\/2018\/12\/slide_aviso_virus_2018_Registro.pdf\" target=\"_blank\" rel=\"noopener noreferrer\">Informativo &#8211; Identificando Boletos Unisepe para n\u00e3o ser v\u00edtima de v\u00edrus<\/a><\/li>\n<\/ul>\n","protected":false},"excerpt":{"rendered":"<p>Manuais Institucionais Manual Secretaria Virtual Manual discente Manual de Rematr\u00edcula Manual de Artigo Cient\u00edfico MAC Manual de Procedimentos Atividades Complementares Manual de Biosseguran\u00e7a Manual de Normas Manual de Relat\u00f3rio Cient\u00edfico MRC Manual para o uso do WI-FI Manual desbloqueio de cookies Normas Normas para uso de internet Normas para uso<\/p>\n","protected":false},"author":1,"featured_media":0,"parent":788,"menu_order":0,"comment_status":"closed","ping_status":"closed","template":"templates\/template-pagina_menu_vertical.php","meta":{"footnotes":""},"categories":[],"tags":[],"class_list":["post-799","page","type-page","status-publish","hentry"],"_links":{"self":[{"href":"https:\/\/portal.unisepe.com.br\/univr\/wp-json\/wp\/v2\/pages\/799","targetHints":{"allow":["GET"]}}],"collection":[{"href":"https:\/\/portal.unisepe.com.br\/univr\/wp-json\/wp\/v2\/pages"}],"about":[{"href":"https:\/\/portal.unisepe.com.br\/univr\/wp-json\/wp\/v2\/types\/page"}],"author":[{"embeddable":true,"href":"https:\/\/portal.unisepe.com.br\/univr\/wp-json\/wp\/v2\/users\/1"}],"replies":[{"embeddable":true,"href":"https:\/\/portal.unisepe.com.br\/univr\/wp-json\/wp\/v2\/comments?post=799"}],"version-history":[{"count":20,"href":"https:\/\/portal.unisepe.com.br\/univr\/wp-json\/wp\/v2\/pages\/799\/revisions"}],"predecessor-version":[{"id":6185,"href":"https:\/\/portal.unisepe.com.br\/univr\/wp-json\/wp\/v2\/pages\/799\/revisions\/6185"}],"up":[{"embeddable":true,"href":"https:\/\/portal.unisepe.com.br\/univr\/wp-json\/wp\/v2\/pages\/788"}],"wp:attachment":[{"href":"https:\/\/portal.unisepe.com.br\/univr\/wp-json\/wp\/v2\/media?parent=799"}],"wp:term":[{"taxonomy":"category","embeddable":true,"href":"https:\/\/portal.unisepe.com.br\/univr\/wp-json\/wp\/v2\/categories?post=799"},{"taxonomy":"post_tag","embeddable":true,"href":"https:\/\/portal.unisepe.com.br\/univr\/wp-json\/wp\/v2\/tags?post=799"}],"curies":[{"name":"wp","href":"https:\/\/api.w.org\/{rel}","templated":true}]}}