{"id":948,"date":"2016-10-05T17:59:45","date_gmt":"2016-10-05T17:59:45","guid":{"rendered":"http:\/\/portal.unisepe.com.br\/univr\/?page_id=948"},"modified":"2018-07-06T08:35:26","modified_gmt":"2018-07-06T11:35:26","slug":"solicitacao-de-auxilios","status":"publish","type":"page","link":"https:\/\/portal.unisepe.com.br\/univr\/instituto-superior-de-educacao\/projeto-nupe\/solicitacao-de-auxilios\/","title":{"rendered":"Solicita\u00e7\u00e3o de aux\u00edlios"},"content":{"rendered":"<p><a href=\"http:\/\/portal.unisepe.com.br\/univr\/wp-content\/uploads\/sites\/10004\/2016\/10\/Modelo_solicitacao_de_recursos_CPEX.doc\">modelo_solicitacao_de_recursos_cpex<\/a><\/p>\n","protected":false},"excerpt":{"rendered":"<p>modelo_solicitacao_de_recursos_cpex<\/p>\n","protected":false},"author":1,"featured_media":0,"parent":923,"menu_order":0,"comment_status":"closed","ping_status":"closed","template":"templates\/template-pagina_link.php","meta":{"footnotes":""},"categories":[],"tags":[],"class_list":["post-948","page","type-page","status-publish","hentry"],"_links":{"self":[{"href":"https:\/\/portal.unisepe.com.br\/univr\/wp-json\/wp\/v2\/pages\/948","targetHints":{"allow":["GET"]}}],"collection":[{"href":"https:\/\/portal.unisepe.com.br\/univr\/wp-json\/wp\/v2\/pages"}],"about":[{"href":"https:\/\/portal.unisepe.com.br\/univr\/wp-json\/wp\/v2\/types\/page"}],"author":[{"embeddable":true,"href":"https:\/\/portal.unisepe.com.br\/univr\/wp-json\/wp\/v2\/users\/1"}],"replies":[{"embeddable":true,"href":"https:\/\/portal.unisepe.com.br\/univr\/wp-json\/wp\/v2\/comments?post=948"}],"version-history":[{"count":2,"href":"https:\/\/portal.unisepe.com.br\/univr\/wp-json\/wp\/v2\/pages\/948\/revisions"}],"predecessor-version":[{"id":2497,"href":"https:\/\/portal.unisepe.com.br\/univr\/wp-json\/wp\/v2\/pages\/948\/revisions\/2497"}],"up":[{"embeddable":true,"href":"https:\/\/portal.unisepe.com.br\/univr\/wp-json\/wp\/v2\/pages\/923"}],"wp:attachment":[{"href":"https:\/\/portal.unisepe.com.br\/univr\/wp-json\/wp\/v2\/media?parent=948"}],"wp:term":[{"taxonomy":"category","embeddable":true,"href":"https:\/\/portal.unisepe.com.br\/univr\/wp-json\/wp\/v2\/categories?post=948"},{"taxonomy":"post_tag","embeddable":true,"href":"https:\/\/portal.unisepe.com.br\/univr\/wp-json\/wp\/v2\/tags?post=948"}],"curies":[{"name":"wp","href":"https:\/\/api.w.org\/{rel}","templated":true}]}}